{"id":9478,"date":"2024-02-01T14:45:00","date_gmt":"2024-02-01T13:45:00","guid":{"rendered":"https:\/\/apollovts.com\/nganh-cong-nghiep\/"},"modified":"2025-07-23T16:40:11","modified_gmt":"2025-07-23T14:40:11","slug":"nganh-cong-nghiep","status":"publish","type":"page","link":"https:\/\/apollovts.com\/vi\/nganh-cong-nghiep\/","title":{"rendered":"Ng\u00e0nh c\u00f4ng nghi\u1ec7p"},"content":{"rendered":"\t\t<div data-elementor-type=\"wp-page\" data-elementor-id=\"9478\" class=\"elementor elementor-9478 elementor-845\" data-elementor-post-type=\"page\">\n\t\t\t\t<div class=\"elementor-element elementor-element-cb5930a e-con-full e-flex e-con e-parent\" data-id=\"cb5930a\" data-element_type=\"container\">\n\t\t<div class=\"elementor-element elementor-element-712f829 e-flex e-con-boxed e-con e-child\" data-id=\"712f829\" data-element_type=\"container\" data-settings=\"{&quot;background_background&quot;:&quot;gradient&quot;}\">\n\t\t\t\t\t<div class=\"e-con-inner\">\n\t\t<div class=\"elementor-element elementor-element-959d665 e-con-full e-flex e-con e-child\" data-id=\"959d665\" data-element_type=\"container\" data-settings=\"{&quot;background_background&quot;:&quot;classic&quot;}\">\n\t\t\t\t<div class=\"elementor-element elementor-element-90b4817 elementor-invisible elementor-widget elementor-widget-heading\" data-id=\"90b4817\" data-element_type=\"widget\" data-settings=\"{&quot;_animation&quot;:&quot;fadeInUp&quot;}\" data-widget_type=\"heading.default\">\n\t\t\t\t<div class=\"elementor-widget-container\">\n\t\t\t\t\t<h1 class=\"elementor-heading-title elementor-size-default\">Ng\u00e0nh c\u00f4ng nghi\u1ec7p<\/h1>\t\t\t\t<\/div>\n\t\t\t\t<\/div>\n\t\t\t\t<div class=\"elementor-element elementor-element-0208319 elementor-widget__width-initial elementor-widget-mobile__width-inherit elementor-widget elementor-widget-text-editor\" data-id=\"0208319\" data-element_type=\"widget\" data-widget_type=\"text-editor.default\">\n\t\t\t\t<div class=\"elementor-widget-container\">\n\t\t\t\t\t\t\t\t\t<p>D\u00f2ng s\u1ea3n ph\u1ea9m c\u1ee7a Apollo cung c\u1ea5p nhi\u1ec1u gi\u1ea3i ph\u00e1p \u0111a d\u1ea1ng, \u0111\u00e1p \u1ee9ng to\u00e0n di\u1ec7n cho c\u00e1c ng\u00e0nh c\u00f4ng nghi\u1ec7p kh\u00e1c nhau. T\u00ecm h\u1ec7 th\u1ed1ng b\u0103ng t\u1ea3i th\u1eb3ng \u0111\u1ee9ng ph\u00f9 h\u1ee3p nh\u1ea5t v\u1edbi nhu c\u1ea7u c\u1ee5 th\u1ec3 c\u1ee7a doanh nghi\u1ec7p b\u1ea1n. Kh\u00e1m ph\u00e1 c\u00e1c gi\u1ea3i ph\u00e1p ph\u00f9 h\u1ee3p \u0111\u01b0\u1ee3c thi\u1ebft k\u1ebf ri\u00eang cho ng\u00e0nh c\u1ee7a b\u1ea1n <\/p>\t\t\t\t\t\t\t\t<\/div>\n\t\t\t\t<\/div>\n\t\t\t\t<\/div>\n\t\t\t\t\t<\/div>\n\t\t\t\t<\/div>\n\t\t\t\t<\/div>\n\t\t<div class=\"elementor-element elementor-element-aed2fee e-flex e-con-boxed e-con e-parent\" data-id=\"aed2fee\" data-element_type=\"container\">\n\t\t\t\t\t<div class=\"e-con-inner\">\n\t\t<div class=\"elementor-element elementor-element-d81b435 e-con-full e-flex e-con e-child\" data-id=\"d81b435\" data-element_type=\"container\">\n\t\t\t\t<div class=\"elementor-element elementor-element-18e7eb6 elementor-widget elementor-widget-heading\" data-id=\"18e7eb6\" data-element_type=\"widget\" data-widget_type=\"heading.default\">\n\t\t\t\t<div class=\"elementor-widget-container\">\n\t\t\t\t\t<h2 class=\"elementor-heading-title elementor-size-default\">Kh\u00e1m ph\u00e1 c\u00e1c gi\u1ea3i ph\u00e1p ph\u00f9 h\u1ee3p <br>\u0111\u01b0\u1ee3c thi\u1ebft k\u1ebf ri\u00eang cho ng\u00e0nh c\u1ee7a b\u1ea1n<\/h2>\t\t\t\t<\/div>\n\t\t\t\t<\/div>\n\t\t<div class=\"elementor-element elementor-element-f587b90 e-con-full e-flex e-con e-child\" data-id=\"f587b90\" data-element_type=\"container\">\n\t\t<a class=\"elementor-element elementor-element-3a3c179 e-con-full e-flex e-con e-child\" data-id=\"3a3c179\" data-element_type=\"container\" data-settings=\"{&quot;background_background&quot;:&quot;classic&quot;}\" href=\"https:\/\/apollovts.com\/vi\/industry\/kho-van-logistics\/\">\n\t\t\t\t<div class=\"elementor-element elementor-element-912d38f elementor-position-top elementor-widget elementor-widget-image-box\" data-id=\"912d38f\" data-element_type=\"widget\" data-widget_type=\"image-box.default\">\n\t\t\t\t<div class=\"elementor-widget-container\">\n\t\t\t\t\t<div class=\"elementor-image-box-wrapper\"><figure class=\"elementor-image-box-img\"><img fetchpriority=\"high\" decoding=\"async\" width=\"1474\" height=\"1474\" src=\"https:\/\/apollovts.com\/wp-content\/uploads\/2024\/07\/svgviewer-output-2024-07-17T094107.497.svg\" class=\"attachment-full size-full wp-image-2999\" alt=\"\" \/><\/figure><div class=\"elementor-image-box-content\"><h3 class=\"elementor-image-box-title\">Kho v\u1eadn &amp; logistics<\/h3><\/div><\/div>\t\t\t\t<\/div>\n\t\t\t\t<\/div>\n\t\t\t\t<\/a>\n\t\t<a class=\"elementor-element elementor-element-8c89805 e-con-full e-flex e-con e-child\" data-id=\"8c89805\" data-element_type=\"container\" data-settings=\"{&quot;background_background&quot;:&quot;classic&quot;}\" href=\"https:\/\/apollovts.com\/vi\/industry\/thuc-pham-do-uong\/\">\n\t\t\t\t<div class=\"elementor-element elementor-element-63916c6 elementor-position-top elementor-widget elementor-widget-image-box\" data-id=\"63916c6\" data-element_type=\"widget\" data-widget_type=\"image-box.default\">\n\t\t\t\t<div class=\"elementor-widget-container\">\n\t\t\t\t\t<div class=\"elementor-image-box-wrapper\"><figure class=\"elementor-image-box-img\"><img decoding=\"async\" width=\"1474\" height=\"1474\" src=\"https:\/\/apollovts.com\/wp-content\/uploads\/2024\/07\/svgviewer-output-2024-07-17T094115.844.svg\" class=\"attachment-full size-full wp-image-2998\" alt=\"\" \/><\/figure><div class=\"elementor-image-box-content\"><h3 class=\"elementor-image-box-title\">Th\u1ef1c ph\u1ea9m &amp; \u0111\u1ed3 u\u1ed1ng<\/h3><\/div><\/div>\t\t\t\t<\/div>\n\t\t\t\t<\/div>\n\t\t\t\t<\/a>\n\t\t<a class=\"elementor-element elementor-element-ca95d39 e-con-full e-flex e-con e-child\" data-id=\"ca95d39\" data-element_type=\"container\" data-settings=\"{&quot;background_background&quot;:&quot;classic&quot;}\" href=\"https:\/\/apollovts.com\/vi\/industry\/hang-tieu-dung-dong-goi\/\">\n\t\t\t\t<div class=\"elementor-element elementor-element-df9b4ee elementor-position-top elementor-widget elementor-widget-image-box\" data-id=\"df9b4ee\" data-element_type=\"widget\" data-widget_type=\"image-box.default\">\n\t\t\t\t<div class=\"elementor-widget-container\">\n\t\t\t\t\t<div class=\"elementor-image-box-wrapper\"><figure class=\"elementor-image-box-img\"><img decoding=\"async\" width=\"1474\" height=\"1474\" src=\"https:\/\/apollovts.com\/wp-content\/uploads\/2024\/07\/svgviewer-output-2024-07-17T093841.108.svg\" class=\"attachment-full size-full wp-image-3000\" alt=\"\" \/><\/figure><div class=\"elementor-image-box-content\"><h3 class=\"elementor-image-box-title\">H\u00e0ng ti\u00eau d\u00f9ng \u0111\u00f3ng g\u00f3i<\/h3><\/div><\/div>\t\t\t\t<\/div>\n\t\t\t\t<\/div>\n\t\t\t\t<\/a>\n\t\t<a class=\"elementor-element elementor-element-7b11d97 e-con-full e-flex e-con e-child\" data-id=\"7b11d97\" data-element_type=\"container\" data-settings=\"{&quot;background_background&quot;:&quot;classic&quot;}\" href=\"https:\/\/apollovts.com\/vi\/industry\/cong-nghiep-san-xuat\/\">\n\t\t\t\t<div class=\"elementor-element elementor-element-4951945 elementor-position-top elementor-widget elementor-widget-image-box\" data-id=\"4951945\" data-element_type=\"widget\" data-widget_type=\"image-box.default\">\n\t\t\t\t<div class=\"elementor-widget-container\">\n\t\t\t\t\t<div class=\"elementor-image-box-wrapper\"><figure class=\"elementor-image-box-img\"><img loading=\"lazy\" decoding=\"async\" width=\"1474\" height=\"1474\" src=\"https:\/\/apollovts.com\/wp-content\/uploads\/2024\/07\/svgviewer-output-2024-07-17T093831.761.svg\" class=\"attachment-full size-full wp-image-3001\" alt=\"\" \/><\/figure><div class=\"elementor-image-box-content\"><h3 class=\"elementor-image-box-title\"> C\u00f4ng nghi\u1ec7p &amp; s\u1ea3n xu\u1ea5t<\/h3><\/div><\/div>\t\t\t\t<\/div>\n\t\t\t\t<\/div>\n\t\t\t\t<\/a>\n\t\t\t\t<\/div>\n\t\t\t\t<\/div>\n\t\t<div class=\"elementor-element elementor-element-966423c e-con-full e-flex e-con e-child\" data-id=\"966423c\" data-element_type=\"container\">\n\t\t\t\t<div class=\"elementor-element elementor-element-694744c elementor-widget elementor-widget-image\" data-id=\"694744c\" data-element_type=\"widget\" data-widget_type=\"image.default\">\n\t\t\t\t<div class=\"elementor-widget-container\">\n\t\t\t\t\t\t\t\t\t\t\t\t\t\t\t<img loading=\"lazy\" decoding=\"async\" width=\"800\" height=\"600\" src=\"https:\/\/apollovts.com\/wp-content\/uploads\/2024\/01\/high-capacity-pick-module-1024x768.jpg\" class=\"attachment-large size-large wp-image-7042\" alt=\"Vertical Conveying, Baling and Logistic Systems\" srcset=\"https:\/\/apollovts.com\/wp-content\/uploads\/2024\/01\/high-capacity-pick-module-1024x768.jpg 1024w, https:\/\/apollovts.com\/wp-content\/uploads\/2024\/01\/high-capacity-pick-module-300x225.jpg 300w, https:\/\/apollovts.com\/wp-content\/uploads\/2024\/01\/high-capacity-pick-module-768x576.jpg 768w, https:\/\/apollovts.com\/wp-content\/uploads\/2024\/01\/high-capacity-pick-module-1536x1152.jpg 1536w, https:\/\/apollovts.com\/wp-content\/uploads\/2024\/01\/high-capacity-pick-module-2048x1536.jpg 2048w\" sizes=\"(max-width: 800px) 100vw, 800px\" \/>\t\t\t\t\t\t\t\t\t\t\t\t\t\t\t<\/div>\n\t\t\t\t<\/div>\n\t\t\t\t<\/div>\n\t\t\t\t\t<\/div>\n\t\t\t\t<\/div>\n\t\t<div class=\"elementor-element elementor-element-1fa98aa e-flex e-con-boxed e-con e-parent\" data-id=\"1fa98aa\" data-element_type=\"container\">\n\t\t\t\t\t<div class=\"e-con-inner\">\n\t\t<div class=\"elementor-element elementor-element-9abffce e-con-full e-flex e-con e-child\" data-id=\"9abffce\" data-element_type=\"container\" data-settings=\"{&quot;background_background&quot;:&quot;classic&quot;}\">\n\t\t\t\t<div class=\"elementor-element elementor-element-2c8c236 elementor-widget elementor-widget-heading\" data-id=\"2c8c236\" data-element_type=\"widget\" data-widget_type=\"heading.default\">\n\t\t\t\t<div class=\"elementor-widget-container\">\n\t\t\t\t\t<h2 class=\"elementor-heading-title elementor-size-default\">T\u1ea3i xu\u1ed1ng c\u00e1c t\u00e0i li\u1ec7u th\u00f4ng tin<\/h2>\t\t\t\t<\/div>\n\t\t\t\t<\/div>\n\t\t\t\t<div class=\"elementor-element elementor-element-8459d8b elementor-widget elementor-widget-button\" data-id=\"8459d8b\" data-element_type=\"widget\" data-widget_type=\"button.default\">\n\t\t\t\t<div class=\"elementor-widget-container\">\n\t\t\t\t\t\t\t\t\t<div class=\"elementor-button-wrapper\">\n\t\t\t\t\t<a class=\"elementor-button elementor-button-link elementor-size-sm\" href=\"https:\/\/apollovts.com\/wp-content\/uploads\/2024\/08\/Warehousing-Logistics-factsheets.pdf\" target=\"_blank\">\n\t\t\t\t\t\t<span class=\"elementor-button-content-wrapper\">\n\t\t\t\t\t\t<span class=\"elementor-button-icon\">\n\t\t\t\t<svg xmlns=\"http:\/\/www.w3.org\/2000\/svg\" id=\"Laag_1\" data-name=\"apollo-arrow\" viewBox=\"0 0 22.41 17.83\"><polygon class=\"arrow-apollo-1\" points=\"21.41 9.91 13.5 17.83 12.09 16.41 18.59 9.91 0 9.91 0 7.91 18.59 7.91 12.09 1.41 13.5 0 21.41 7.91 22 8.5 22.41 8.91 22 9.33 21.41 9.91\"><\/polygon><\/svg>\t\t\t<\/span>\n\t\t\t\t\t\t\t\t\t<span class=\"elementor-button-text\">T\u00e0i li\u1ec7u th\u00f4ng tin Kho v\u1eadn &amp; Logistics<\/span>\n\t\t\t\t\t<\/span>\n\t\t\t\t\t<\/a>\n\t\t\t\t<\/div>\n\t\t\t\t\t\t\t\t<\/div>\n\t\t\t\t<\/div>\n\t\t\t\t<div class=\"elementor-element elementor-element-c04884a elementor-widget elementor-widget-button\" data-id=\"c04884a\" data-element_type=\"widget\" data-widget_type=\"button.default\">\n\t\t\t\t<div class=\"elementor-widget-container\">\n\t\t\t\t\t\t\t\t\t<div class=\"elementor-button-wrapper\">\n\t\t\t\t\t<a class=\"elementor-button elementor-button-link elementor-size-sm\" href=\"https:\/\/apollovts.com\/wp-content\/uploads\/2024\/08\/Food-Beverage-factsheets.pdf\" target=\"_blank\">\n\t\t\t\t\t\t<span class=\"elementor-button-content-wrapper\">\n\t\t\t\t\t\t<span class=\"elementor-button-icon\">\n\t\t\t\t<svg xmlns=\"http:\/\/www.w3.org\/2000\/svg\" id=\"Laag_1\" data-name=\"apollo-arrow\" viewBox=\"0 0 22.41 17.83\"><polygon class=\"arrow-apollo-1\" points=\"21.41 9.91 13.5 17.83 12.09 16.41 18.59 9.91 0 9.91 0 7.91 18.59 7.91 12.09 1.41 13.5 0 21.41 7.91 22 8.5 22.41 8.91 22 9.33 21.41 9.91\"><\/polygon><\/svg>\t\t\t<\/span>\n\t\t\t\t\t\t\t\t\t<span class=\"elementor-button-text\">T\u00e0i li\u1ec7u th\u00f4ng tin Th\u1ef1c ph\u1ea9m &amp; \u0111\u1ed3 u\u1ed1ng<\/span>\n\t\t\t\t\t<\/span>\n\t\t\t\t\t<\/a>\n\t\t\t\t<\/div>\n\t\t\t\t\t\t\t\t<\/div>\n\t\t\t\t<\/div>\n\t\t\t\t<div class=\"elementor-element elementor-element-e997a64 elementor-widget elementor-widget-button\" data-id=\"e997a64\" data-element_type=\"widget\" data-widget_type=\"button.default\">\n\t\t\t\t<div class=\"elementor-widget-container\">\n\t\t\t\t\t\t\t\t\t<div class=\"elementor-button-wrapper\">\n\t\t\t\t\t<a class=\"elementor-button elementor-button-link elementor-size-sm\" href=\"https:\/\/apollovts.com\/wp-content\/uploads\/2024\/08\/Consumer-Packaged-Goods.pdf\" target=\"_blank\">\n\t\t\t\t\t\t<span class=\"elementor-button-content-wrapper\">\n\t\t\t\t\t\t<span class=\"elementor-button-icon\">\n\t\t\t\t<svg xmlns=\"http:\/\/www.w3.org\/2000\/svg\" id=\"Laag_1\" data-name=\"apollo-arrow\" viewBox=\"0 0 22.41 17.83\"><polygon class=\"arrow-apollo-1\" points=\"21.41 9.91 13.5 17.83 12.09 16.41 18.59 9.91 0 9.91 0 7.91 18.59 7.91 12.09 1.41 13.5 0 21.41 7.91 22 8.5 22.41 8.91 22 9.33 21.41 9.91\"><\/polygon><\/svg>\t\t\t<\/span>\n\t\t\t\t\t\t\t\t\t<span class=\"elementor-button-text\">T\u00e0i li\u1ec7u th\u00f4ng tin H\u00e0ng ti\u00eau d\u00f9ng \u0111\u00f3ng g\u00f3i<\/span>\n\t\t\t\t\t<\/span>\n\t\t\t\t\t<\/a>\n\t\t\t\t<\/div>\n\t\t\t\t\t\t\t\t<\/div>\n\t\t\t\t<\/div>\n\t\t\t\t<div class=\"elementor-element elementor-element-5113457 elementor-widget elementor-widget-button\" data-id=\"5113457\" data-element_type=\"widget\" data-widget_type=\"button.default\">\n\t\t\t\t<div class=\"elementor-widget-container\">\n\t\t\t\t\t\t\t\t\t<div class=\"elementor-button-wrapper\">\n\t\t\t\t\t<a class=\"elementor-button elementor-button-link elementor-size-sm\" href=\"https:\/\/apollovts.com\/wp-content\/uploads\/2024\/07\/Industrial-Manufacturing-1.pdf\" target=\"_blank\">\n\t\t\t\t\t\t<span class=\"elementor-button-content-wrapper\">\n\t\t\t\t\t\t<span class=\"elementor-button-icon\">\n\t\t\t\t<svg xmlns=\"http:\/\/www.w3.org\/2000\/svg\" id=\"Laag_1\" data-name=\"apollo-arrow\" viewBox=\"0 0 22.41 17.83\"><polygon class=\"arrow-apollo-1\" points=\"21.41 9.91 13.5 17.83 12.09 16.41 18.59 9.91 0 9.91 0 7.91 18.59 7.91 12.09 1.41 13.5 0 21.41 7.91 22 8.5 22.41 8.91 22 9.33 21.41 9.91\"><\/polygon><\/svg>\t\t\t<\/span>\n\t\t\t\t\t\t\t\t\t<span class=\"elementor-button-text\">T\u00e0i li\u1ec7u th\u00f4ng tin C\u00f4ng nghi\u1ec7p &amp; s\u1ea3n xu\u1ea5t<\/span>\n\t\t\t\t\t<\/span>\n\t\t\t\t\t<\/a>\n\t\t\t\t<\/div>\n\t\t\t\t\t\t\t\t<\/div>\n\t\t\t\t<\/div>\n\t\t\t\t<\/div>\n\t\t\t\t\t<\/div>\n\t\t\t\t<\/div>\n\t\t<div class=\"elementor-element elementor-element-a10da1b e-flex e-con-boxed e-con e-parent\" data-id=\"a10da1b\" data-element_type=\"container\">\n\t\t\t\t\t<div class=\"e-con-inner\">\n\t\t<div class=\"elementor-element elementor-element-54b2a9f e-con-full e-flex e-con e-child\" data-id=\"54b2a9f\" data-element_type=\"container\">\n\t\t\t\t<div class=\"elementor-element elementor-element-6669232 elementor-widget elementor-widget-heading\" data-id=\"6669232\" data-element_type=\"widget\" data-widget_type=\"heading.default\">\n\t\t\t\t<div class=\"elementor-widget-container\">\n\t\t\t\t\t<h2 class=\"elementor-heading-title elementor-size-default\">H\u00e3y li\u00ean h\u1ec7 v\u1edbi ch\u00fang t\u00f4i!<\/h2>\t\t\t\t<\/div>\n\t\t\t\t<\/div>\n\t\t\t\t<div class=\"elementor-element elementor-element-c0c43de elementor-widget__width-inherit elementor-widget-mobile__width-inherit elementor-widget elementor-widget-text-editor\" data-id=\"c0c43de\" data-element_type=\"widget\" data-widget_type=\"text-editor.default\">\n\t\t\t\t<div class=\"elementor-widget-container\">\n\t\t\t\t\t\t\t\t\t<p><span data-sheets-root=\"1\">T\u00ecm hi\u1ec3u th\u00eam v\u1ec1 Royal Apollo Group v\u00e0 c\u00e1c s\u1ea3n ph\u1ea9m c\u1ee7a ch\u00fang t\u00f4i.<\/span><\/p>\t\t\t\t\t\t\t\t<\/div>\n\t\t\t\t<\/div>\n\t\t\t\t<\/div>\n\t\t<div class=\"elementor-element elementor-element-f9d65cb e-con-full e-flex e-con e-child\" data-id=\"f9d65cb\" data-element_type=\"container\">\n\t\t\t\t<div class=\"elementor-element elementor-element-1fb0724 elementor-align-right elementor-widget elementor-widget-button\" data-id=\"1fb0724\" data-element_type=\"widget\" data-widget_type=\"button.default\">\n\t\t\t\t<div class=\"elementor-widget-container\">\n\t\t\t\t\t\t\t\t\t<div class=\"elementor-button-wrapper\">\n\t\t\t\t\t<a class=\"elementor-button elementor-button-link elementor-size-sm\" href=\"https:\/\/apollovts.com\/vi\/lien-he-voi-chung-toi\/\">\n\t\t\t\t\t\t<span class=\"elementor-button-content-wrapper\">\n\t\t\t\t\t\t<span class=\"elementor-button-icon\">\n\t\t\t\t<svg xmlns=\"http:\/\/www.w3.org\/2000\/svg\" id=\"Laag_1\" data-name=\"apollo-arrow\" viewBox=\"0 0 22.41 17.83\"><polygon class=\"arrow-apollo-1\" points=\"21.41 9.91 13.5 17.83 12.09 16.41 18.59 9.91 0 9.91 0 7.91 18.59 7.91 12.09 1.41 13.5 0 21.41 7.91 22 8.5 22.41 8.91 22 9.33 21.41 9.91\"><\/polygon><\/svg>\t\t\t<\/span>\n\t\t\t\t\t\t\t\t\t<span class=\"elementor-button-text\">Li\u00ean h\u1ec7 v\u1edbi ch\u00fang t\u00f4i<\/span>\n\t\t\t\t\t<\/span>\n\t\t\t\t\t<\/a>\n\t\t\t\t<\/div>\n\t\t\t\t\t\t\t\t<\/div>\n\t\t\t\t<\/div>\n\t\t\t\t<\/div>\n\t\t\t\t\t<\/div>\n\t\t\t\t<\/div>\n\t\t\t\t<\/div>\n\t\t","protected":false},"excerpt":{"rendered":"<p>Ng\u00e0nh c\u00f4ng nghi\u1ec7p D\u00f2ng s\u1ea3n ph\u1ea9m c\u1ee7a Apollo cung c\u1ea5p nhi\u1ec1u gi\u1ea3i ph\u00e1p \u0111a d\u1ea1ng, \u0111\u00e1p \u1ee9ng to\u00e0n di\u1ec7n cho c\u00e1c ng\u00e0nh c\u00f4ng nghi\u1ec7p kh\u00e1c nhau. T\u00ecm h\u1ec7 th\u1ed1ng b\u0103ng t\u1ea3i th\u1eb3ng \u0111\u1ee9ng ph\u00f9 h\u1ee3p nh\u1ea5t v\u1edbi nhu c\u1ea7u c\u1ee5 th\u1ec3 c\u1ee7a doanh nghi\u1ec7p b\u1ea1n. Kh\u00e1m ph\u00e1 c\u00e1c gi\u1ea3i ph\u00e1p ph\u00f9 h\u1ee3p \u0111\u01b0\u1ee3c thi\u1ebft k\u1ebf [&hellip;]<\/p>\n","protected":false},"author":1,"featured_media":0,"parent":0,"menu_order":27,"comment_status":"closed","ping_status":"closed","template":"","meta":{"_acf_changed":false,"footnotes":""},"class_list":["post-9478","page","type-page","status-publish","hentry"],"acf":[],"yoast_head":"<!-- This site is optimized with the Yoast SEO plugin v24.4 - https:\/\/yoast.com\/wordpress\/plugins\/seo\/ -->\n<title>Ng\u00e0nh c\u00f4ng nghi\u1ec7p - Royal Apollo Group<\/title>\n<meta name=\"robots\" content=\"index, follow, max-snippet:-1, max-image-preview:large, max-video-preview:-1\" \/>\n<link rel=\"canonical\" href=\"https:\/\/apollovts.com\/vi\/nganh-cong-nghiep\/\" \/>\n<meta property=\"og:locale\" content=\"vi_VN\" \/>\n<meta property=\"og:type\" content=\"article\" \/>\n<meta property=\"og:title\" content=\"Ng\u00e0nh c\u00f4ng nghi\u1ec7p - Royal Apollo Group\" \/>\n<meta property=\"og:description\" content=\"Ng\u00e0nh c\u00f4ng nghi\u1ec7p D\u00f2ng s\u1ea3n ph\u1ea9m c\u1ee7a Apollo cung c\u1ea5p nhi\u1ec1u gi\u1ea3i ph\u00e1p \u0111a d\u1ea1ng, \u0111\u00e1p \u1ee9ng to\u00e0n di\u1ec7n cho c\u00e1c ng\u00e0nh c\u00f4ng nghi\u1ec7p kh\u00e1c nhau. T\u00ecm h\u1ec7 th\u1ed1ng b\u0103ng t\u1ea3i th\u1eb3ng \u0111\u1ee9ng ph\u00f9 h\u1ee3p nh\u1ea5t v\u1edbi nhu c\u1ea7u c\u1ee5 th\u1ec3 c\u1ee7a doanh nghi\u1ec7p b\u1ea1n. Kh\u00e1m ph\u00e1 c\u00e1c gi\u1ea3i ph\u00e1p ph\u00f9 h\u1ee3p \u0111\u01b0\u1ee3c thi\u1ebft k\u1ebf [&hellip;]\" \/>\n<meta property=\"og:url\" content=\"https:\/\/apollovts.com\/vi\/nganh-cong-nghiep\/\" \/>\n<meta property=\"og:site_name\" content=\"Royal Apollo Group\" \/>\n<meta property=\"article:modified_time\" content=\"2025-07-23T14:40:11+00:00\" \/>\n<meta name=\"twitter:card\" content=\"summary_large_image\" \/>\n<meta name=\"twitter:label1\" content=\"Est. reading time\" \/>\n\t<meta name=\"twitter:data1\" content=\"1 minute\" \/>\n<!-- \/ Yoast SEO plugin. -->","yoast_head_json":{"title":"Ng\u00e0nh c\u00f4ng nghi\u1ec7p - Royal Apollo Group","robots":{"index":"index","follow":"follow","max-snippet":"max-snippet:-1","max-image-preview":"max-image-preview:large","max-video-preview":"max-video-preview:-1"},"canonical":"https:\/\/apollovts.com\/vi\/nganh-cong-nghiep\/","og_locale":"vi_VN","og_type":"article","og_title":"Ng\u00e0nh c\u00f4ng nghi\u1ec7p - Royal Apollo Group","og_description":"Ng\u00e0nh c\u00f4ng nghi\u1ec7p D\u00f2ng s\u1ea3n ph\u1ea9m c\u1ee7a Apollo cung c\u1ea5p nhi\u1ec1u gi\u1ea3i ph\u00e1p \u0111a d\u1ea1ng, \u0111\u00e1p \u1ee9ng to\u00e0n di\u1ec7n cho c\u00e1c ng\u00e0nh c\u00f4ng nghi\u1ec7p kh\u00e1c nhau. T\u00ecm h\u1ec7 th\u1ed1ng b\u0103ng t\u1ea3i th\u1eb3ng \u0111\u1ee9ng ph\u00f9 h\u1ee3p nh\u1ea5t v\u1edbi nhu c\u1ea7u c\u1ee5 th\u1ec3 c\u1ee7a doanh nghi\u1ec7p b\u1ea1n. Kh\u00e1m ph\u00e1 c\u00e1c gi\u1ea3i ph\u00e1p ph\u00f9 h\u1ee3p \u0111\u01b0\u1ee3c thi\u1ebft k\u1ebf [&hellip;]","og_url":"https:\/\/apollovts.com\/vi\/nganh-cong-nghiep\/","og_site_name":"Royal Apollo Group","article_modified_time":"2025-07-23T14:40:11+00:00","twitter_card":"summary_large_image","twitter_misc":{"Est. reading time":"1 minute"},"schema":{"@context":"https:\/\/schema.org","@graph":[{"@type":"WebPage","@id":"https:\/\/apollovts.com\/vi\/nganh-cong-nghiep\/","url":"https:\/\/apollovts.com\/vi\/nganh-cong-nghiep\/","name":"Ng\u00e0nh c\u00f4ng nghi\u1ec7p - Royal Apollo Group","isPartOf":{"@id":"https:\/\/apollovts.com\/vi\/#website"},"primaryImageOfPage":{"@id":"https:\/\/apollovts.com\/vi\/nganh-cong-nghiep\/#primaryimage"},"image":{"@id":"https:\/\/apollovts.com\/vi\/nganh-cong-nghiep\/#primaryimage"},"thumbnailUrl":"https:\/\/apollovts.com\/wp-content\/uploads\/2024\/07\/svgviewer-output-2024-07-17T094107.497.svg","datePublished":"2024-02-01T13:45:00+00:00","dateModified":"2025-07-23T14:40:11+00:00","breadcrumb":{"@id":"https:\/\/apollovts.com\/vi\/nganh-cong-nghiep\/#breadcrumb"},"inLanguage":"vi-VN","potentialAction":[{"@type":"ReadAction","target":["https:\/\/apollovts.com\/vi\/nganh-cong-nghiep\/"]}]},{"@type":"ImageObject","inLanguage":"vi-VN","@id":"https:\/\/apollovts.com\/vi\/nganh-cong-nghiep\/#primaryimage","url":"https:\/\/apollovts.com\/wp-content\/uploads\/2024\/07\/svgviewer-output-2024-07-17T094107.497.svg","contentUrl":"https:\/\/apollovts.com\/wp-content\/uploads\/2024\/07\/svgviewer-output-2024-07-17T094107.497.svg"},{"@type":"BreadcrumbList","@id":"https:\/\/apollovts.com\/vi\/nganh-cong-nghiep\/#breadcrumb","itemListElement":[{"@type":"ListItem","position":1,"name":"Home","item":"https:\/\/apollovts.com\/vi\/home\/"},{"@type":"ListItem","position":2,"name":"Ng\u00e0nh c\u00f4ng nghi\u1ec7p"}]},{"@type":"WebSite","@id":"https:\/\/apollovts.com\/vi\/#website","url":"https:\/\/apollovts.com\/vi\/","name":"Royal Apollo Group","description":"Always moving forward","publisher":{"@id":"https:\/\/apollovts.com\/vi\/#organization"},"potentialAction":[{"@type":"SearchAction","target":{"@type":"EntryPoint","urlTemplate":"https:\/\/apollovts.com\/vi\/?s={search_term_string}"},"query-input":{"@type":"PropertyValueSpecification","valueRequired":true,"valueName":"search_term_string"}}],"inLanguage":"vi-VN"},{"@type":"Organization","@id":"https:\/\/apollovts.com\/vi\/#organization","name":"Royal Apollo Group","url":"https:\/\/apollovts.com\/vi\/","logo":{"@type":"ImageObject","inLanguage":"vi-VN","@id":"https:\/\/apollovts.com\/vi\/#\/schema\/logo\/image\/","url":"https:\/\/apollovts.com\/wp-content\/uploads\/2024\/01\/Favicon.webp","contentUrl":"https:\/\/apollovts.com\/wp-content\/uploads\/2024\/01\/Favicon.webp","width":512,"height":512,"caption":"Royal Apollo Group"},"image":{"@id":"https:\/\/apollovts.com\/vi\/#\/schema\/logo\/image\/"}}]}},"_links":{"self":[{"href":"https:\/\/apollovts.com\/vi\/wp-json\/wp\/v2\/pages\/9478","targetHints":{"allow":["GET"]}}],"collection":[{"href":"https:\/\/apollovts.com\/vi\/wp-json\/wp\/v2\/pages"}],"about":[{"href":"https:\/\/apollovts.com\/vi\/wp-json\/wp\/v2\/types\/page"}],"author":[{"embeddable":true,"href":"https:\/\/apollovts.com\/vi\/wp-json\/wp\/v2\/users\/1"}],"replies":[{"embeddable":true,"href":"https:\/\/apollovts.com\/vi\/wp-json\/wp\/v2\/comments?post=9478"}],"version-history":[{"count":2,"href":"https:\/\/apollovts.com\/vi\/wp-json\/wp\/v2\/pages\/9478\/revisions"}],"predecessor-version":[{"id":9500,"href":"https:\/\/apollovts.com\/vi\/wp-json\/wp\/v2\/pages\/9478\/revisions\/9500"}],"wp:attachment":[{"href":"https:\/\/apollovts.com\/vi\/wp-json\/wp\/v2\/media?parent=9478"}],"curies":[{"name":"wp","href":"https:\/\/api.w.org\/{rel}","templated":true}]}}